{"id":11888,"date":"2020-06-22T16:50:44","date_gmt":"2020-06-22T22:50:44","guid":{"rendered":"https:\/\/laesfera.com.mx\/page\/?post_type=product&#038;p=11888"},"modified":"2025-05-20T14:02:12","modified_gmt":"2025-05-20T18:02:12","slug":"marcador-magistral-didactico-para-pizarron-8350-azor","status":"publish","type":"product","link":"https:\/\/laesfera.com.mx\/page\/tienda\/marcador-magistral-didactico-para-pizarron-8350-azor\/","title":{"rendered":"Marcador Magistral did\u00e1ctico para pizarr\u00f3n 8350 Azor"},"content":{"rendered":"<p><strong>Marcador Magistral did\u00e1ctico para pizarr\u00f3n 8350 Azor<\/strong><\/p>\n<p>&nbsp;<\/p>\n<ul>\n<li>\n<p class=\"p1\">Tinta base alcohol de alta intensidad y bajo aroma.<\/p>\n<\/li>\n<li>\n<p class=\"p1\">Punta de cincel.<\/p>\n<\/li>\n<li>\n<p class=\"p1\">Barril de pl\u00e1stico.<\/p>\n<\/li>\n<li>\n<p class=\"p1\">Excelente calidad de borrado en superficies no porosas<span class=\"Apple-converted-space\">\u00a0<\/span>como: porcelana, melamina, vidrio, etc.<\/p>\n<\/li>\n<li>\n<p class=\"p1\">Mant\u00e9ngase tapado y en posici\u00f3n horizontal cuando no<span class=\"Apple-converted-space\">\u00a0<\/span>se use.<\/p>\n<\/li>\n<\/ul>\n<p>&nbsp;<\/p>\n<p>&nbsp;<\/p>\n<p><strong>Marca:\u00a0<\/strong>Azor<br \/>\n<strong>Modelo: <\/strong>8350<br \/>\n<strong>Color:\u00a0<\/strong>Negro, Rojo, Azul, Verde<br \/>\n<strong>Cve:<br \/>\n<\/strong>7501428724101 Negro<br \/>\n7501428724095 Azul<br \/>\n7501428724118 Rojo<br \/>\n7501428724125 Verde<\/p>\n","protected":false},"excerpt":{"rendered":"<p>Marcador para pizarr\u00f3n blanco<\/p>\n","protected":false},"featured_media":11901,"comment_status":"open","ping_status":"closed","template":"","meta":{"_joinchat":[]},"product_brand":[7848],"product_cat":[2874,5530,9,5534],"product_tag":[7416],"class_list":{"0":"post-11888","1":"product","2":"type-product","3":"status-publish","4":"has-post-thumbnail","6":"product_brand-azor","7":"product_cat-accesorios-de-escritorio","8":"product_cat-escritura","9":"product_cat-oficina","10":"product_cat-plumones-y-marcadores","11":"product_tag-marcador-para-pizarron","13":"first","14":"instock","15":"shipping-taxable","16":"purchasable","17":"product-type-simple"},"post_mailing_queue_ids":[],"_links":{"self":[{"href":"https:\/\/laesfera.com.mx\/page\/wp-json\/wp\/v2\/product\/11888","targetHints":{"allow":["GET"]}}],"collection":[{"href":"https:\/\/laesfera.com.mx\/page\/wp-json\/wp\/v2\/product"}],"about":[{"href":"https:\/\/laesfera.com.mx\/page\/wp-json\/wp\/v2\/types\/product"}],"replies":[{"embeddable":true,"href":"https:\/\/laesfera.com.mx\/page\/wp-json\/wp\/v2\/comments?post=11888"}],"wp:featuredmedia":[{"embeddable":true,"href":"https:\/\/laesfera.com.mx\/page\/wp-json\/wp\/v2\/media\/11901"}],"wp:attachment":[{"href":"https:\/\/laesfera.com.mx\/page\/wp-json\/wp\/v2\/media?parent=11888"}],"wp:term":[{"taxonomy":"product_brand","embeddable":true,"href":"https:\/\/laesfera.com.mx\/page\/wp-json\/wp\/v2\/product_brand?post=11888"},{"taxonomy":"product_cat","embeddable":true,"href":"https:\/\/laesfera.com.mx\/page\/wp-json\/wp\/v2\/product_cat?post=11888"},{"taxonomy":"product_tag","embeddable":true,"href":"https:\/\/laesfera.com.mx\/page\/wp-json\/wp\/v2\/product_tag?post=11888"}],"curies":[{"name":"wp","href":"https:\/\/api.w.org\/{rel}","templated":true}]}}