{"id":11832,"date":"2020-06-22T14:32:13","date_gmt":"2020-06-22T20:32:13","guid":{"rendered":"https:\/\/laesfera.com.mx\/page\/?post_type=product&#038;p=11832"},"modified":"2026-03-09T19:01:24","modified_gmt":"2026-03-09T23:01:24","slug":"plastilina-marqueta-pelikan","status":"publish","type":"product","link":"https:\/\/laesfera.com.mx\/page\/tienda\/plastilina-marqueta-pelikan\/","title":{"rendered":"Plastilina marqueta barra Pelikan"},"content":{"rendered":"<p><strong>Plastilina Marqueta Barra Pelikan<\/strong><\/p>\n<p>&nbsp;<\/p>\n<section>\n<div class=\"content-wrapper\">\n<div id=\"content-group\" class=\"content\">\n<p style=\"text-align: justify\">La plastilina de calidad Pelikan son ideales para la artesan\u00eda y el dise\u00f1o, ideal para todo ni\u00f1o, estudiante y todo aficionado a las manualidades. Le ofrecemos plastilina en envases de alegres colores con divertidos dise\u00f1os para ni\u00f1os. La plastilina Pelikan de alta calidad es f\u00e1cilmente moldeable, de elasticidad permanente y est\u00e1 disponible en muchos colores brillantes. No mancha las manos e invita al dise\u00f1o creativo, fomenta la creatividad, la imaginaci\u00f3n y las habilidades motoras de los ni\u00f1os.<\/p>\n<p>&nbsp;<\/p>\n<\/div>\n<\/div>\n<\/section>\n<p>Plastilina para moldear:<\/p>\n<ul>\n<li>Plastilina de firme consistencia<\/li>\n<li>No grasosa<\/li>\n<li>F\u00e1cil de moldear<\/li>\n<li>Colores vivos<\/li>\n<li>Su f\u00f3rmula hace que los colores se mezclen entre s\u00ed<\/li>\n<li>No ensucia las manos<\/li>\n<li>Ideal para el uso de los ni\u00f1os<\/li>\n<li>No t\u00f3xica<\/li>\n<\/ul>\n<p>&nbsp;<\/p>\n<p>&nbsp;<\/p>\n<p>&nbsp;<\/p>\n<p><strong>Marca:<\/strong> Pelikan<br \/>\n<strong>Cve.\/Color:<\/strong><br \/>\n7501015211137\u00a0 Negro<br \/>\n7501015211144\u00a0 Blanco<br \/>\n7501015211151\u00a0 Rojo<br \/>\n7501015211168\u00a0 Verde obscuro<br \/>\n7501015211175\u00a0 Cafe<br \/>\n7501015211182\u00a0 Azul claro<br \/>\n7501015212844\u00a0 Rosa<br \/>\n7501015212851\u00a0 Amarillo<br \/>\n7501015212875\u00a0 Gris<br \/>\n7501015227283\u00a0 Azul marino<\/p>\n","protected":false},"excerpt":{"rendered":"<p>Ideal para modelar.<\/p>\n","protected":false},"featured_media":20933,"comment_status":"open","ping_status":"closed","template":"","meta":{"_joinchat":[]},"product_brand":[7840],"product_cat":[5333,6850,5161,6861],"product_tag":[7413],"class_list":{"0":"post-11832","1":"product","2":"type-product","3":"status-publish","4":"has-post-thumbnail","6":"product_brand-pelikan","7":"product_cat-arte-y-manualidades","8":"product_cat-articulosescolares","9":"product_cat-papeleria","10":"product_cat-plastilinas","11":"product_tag-marqueta","13":"first","14":"instock","15":"shipping-taxable","16":"purchasable","17":"product-type-simple"},"post_mailing_queue_ids":[],"_links":{"self":[{"href":"https:\/\/laesfera.com.mx\/page\/wp-json\/wp\/v2\/product\/11832","targetHints":{"allow":["GET"]}}],"collection":[{"href":"https:\/\/laesfera.com.mx\/page\/wp-json\/wp\/v2\/product"}],"about":[{"href":"https:\/\/laesfera.com.mx\/page\/wp-json\/wp\/v2\/types\/product"}],"replies":[{"embeddable":true,"href":"https:\/\/laesfera.com.mx\/page\/wp-json\/wp\/v2\/comments?post=11832"}],"wp:featuredmedia":[{"embeddable":true,"href":"https:\/\/laesfera.com.mx\/page\/wp-json\/wp\/v2\/media\/20933"}],"wp:attachment":[{"href":"https:\/\/laesfera.com.mx\/page\/wp-json\/wp\/v2\/media?parent=11832"}],"wp:term":[{"taxonomy":"product_brand","embeddable":true,"href":"https:\/\/laesfera.com.mx\/page\/wp-json\/wp\/v2\/product_brand?post=11832"},{"taxonomy":"product_cat","embeddable":true,"href":"https:\/\/laesfera.com.mx\/page\/wp-json\/wp\/v2\/product_cat?post=11832"},{"taxonomy":"product_tag","embeddable":true,"href":"https:\/\/laesfera.com.mx\/page\/wp-json\/wp\/v2\/product_tag?post=11832"}],"curies":[{"name":"wp","href":"https:\/\/api.w.org\/{rel}","templated":true}]}}