{"id":11831,"date":"2020-06-22T14:09:28","date_gmt":"2020-06-22T20:09:28","guid":{"rendered":"https:\/\/laesfera.com.mx\/page\/?post_type=product&#038;p=11831"},"modified":"2025-07-18T13:57:29","modified_gmt":"2025-07-18T17:57:29","slug":"botella-de-tinta-negro-gt53-hp-1vv22al","status":"publish","type":"product","link":"https:\/\/laesfera.com.mx\/page\/tienda\/botella-de-tinta-negro-gt53-hp-1vv22al\/","title":{"rendered":"Botella de tinta negro GT53 HP 1VV22AL"},"content":{"rendered":"<p><strong>Botella de tinta negro GT53 HP 1VV22AL<\/strong><\/p>\n<p>&nbsp;<\/p>\n<p style=\"text-align: justify\"><strong>Descripci\u00f3n general del producto<\/strong><\/p>\n<p style=\"text-align: justify\">Imprima miles de p\u00e1ginas con una sola compra de un conjunto de botellas de tinta originales HP de alta capacidad. Es f\u00e1cil con la impresora de la serie HP Smart Tank. Es impresi\u00f3n de grandes vol\u00famenes a un costo por p\u00e1gina extremadamente bajo.<\/p>\n<p style=\"text-align: justify\">Las impresiones en papeles normales con tinta negra de pigmento HP para impresoras de tanque de tinta HP se mantienen legibles durante muchos a\u00f1os.<\/p>\n<p style=\"text-align: justify\"><strong>Administre de forma pr\u00e1ctica la tinta<\/strong><\/p>\n<p style=\"text-align: justify\">Gestione los niveles de tinta y decida cu\u00e1ndo agregar m\u00e1s f\u00e1cilmente: no hay que adivinar ni esperar a que no quede suficiente.<\/p>\n<p style=\"text-align: justify\"><strong>Caracter\u00edsticas principales:<\/strong><\/p>\n<p style=\"text-align: justify\"><strong>Costo por p\u00e1gina extremadamente bajo:<\/strong><\/p>\n<p style=\"text-align: justify\">Imprima todo lo que desee sin preocuparse por el costo de la tinta. Obtendr\u00e1 un costo por p\u00e1gina extremamente bajo al utilizar las botellas de tinta original HP de alta capacidad y un sistema de tanque de tinta de alta capacidad.<\/p>\n<p style=\"text-align: justify\"><strong>Botellas de tinta de alta capacidad:<\/strong><\/p>\n<p style=\"text-align: justify\">Imprima miles de p\u00e1ginas con un conjunto de botellas de tinta original HP de alta capacidad: el complemento ideal para los grandes vol\u00famenes de impresi\u00f3n.\u00a0Imprima textos oscuros y definidos y fotos que perduran durante varias d\u00e9cadas.<\/p>\n<p style=\"text-align: justify\">Las impresiones en papeles normales con tintas de pigmento HP negro para impresoras de tanque de tinta HP se mantienen legibles por muchos a\u00f1os.<\/p>\n<p style=\"text-align: justify\"><strong>Documentos de calidad profesional:<\/strong><\/p>\n<p style=\"text-align: justify\">Cuente con textos y gr\u00e1ficos n\u00edtidos y definidos para materiales de marketing sin m\u00e1rgenes, como folletos y carteles, entre otros. El sistema avanzado de tanque de tinta de HP y la tinta Original HP ofrecen siempre una excelente calidad de impresi\u00f3n.<\/p>\n<p style=\"text-align: justify\"><strong>A\u00f1ada m\u00e1s tinta original HP siempre que lo desee:<\/strong><\/p>\n<p style=\"text-align: justify\">No es necesario que adivine los niveles de tinta ni que espere a que se agote. Supervise los niveles de tinta en el sistema HP Ink Tank, para que pueda decidir f\u00e1cilmente cuando desea agregar m\u00e1s tinta.<\/p>\n<p style=\"text-align: justify\"><b>Innovador sistema de recarga anti derrame:<\/b><\/p>\n<p style=\"text-align: justify\">La tinta se puede rellenar f\u00e1cilmente y sin manchar con el sistema de recarga anti derrames de f\u00e1cil acceso. Solo coloque la botella en el tanque de tinta y deje que se vac\u00ede: sin apretar, sin derramar.<\/p>\n<p style=\"text-align: justify\"><strong>Menos interrupciones<\/strong><\/p>\n<p style=\"text-align: justify\">Trabaje con menos interrupciones: imprima p\u00e1gina tras p\u00e1gina sin preocuparse por recargar tinta.<\/p>\n<p style=\"text-align: justify\"><strong>Compre con menos frecuencia<\/strong><\/p>\n<p style=\"text-align: justify\">Las miles de p\u00e1ginas que puede imprimir con cada botella de tinta original HP, le permitir\u00e1n pensar cada vez menos en comprar tinta.<\/p>\n<p style=\"text-align: justify\"><strong>Especificaciones:<\/strong><\/p>\n<ul>\n<li style=\"text-align: justify\"><strong>Color(es) de consumibles de impresi\u00f3n<\/strong>: Negro<\/li>\n<li style=\"text-align: justify\"><strong>Rendimiento de la p\u00e1gina (blanco y negro);<\/strong> 4.000 p\u00e1ginas<\/li>\n<li style=\"text-align: justify\"><strong>Compatibilidad:<\/strong> Impresoras HP Smart Tank serie 510, HP Smart Tank Plus serie 550, HP Smart Tank Plus serie 610<\/li>\n<\/ul>\n<p>&nbsp;<\/p>\n<p>&nbsp;<\/p>\n<p><strong>Marca: <\/strong>HP<strong><br \/>\nModelo:\u00a0<\/strong>1VV22AL<br \/>\n<strong>Color:\u00a0<\/strong>Negro<br \/>\n<strong>Cve:\u00a0<\/strong>192545527583<\/p>\n","protected":false},"excerpt":{"rendered":"<p>Botella de tinta negra original<\/p>\n","protected":false},"featured_media":11833,"comment_status":"open","ping_status":"closed","template":"","meta":{"_joinchat":[]},"product_brand":[7822],"product_cat":[5434,11,6110],"product_tag":[7900,7636],"class_list":{"0":"post-11831","1":"product","2":"type-product","3":"status-publish","4":"has-post-thumbnail","6":"product_brand-hp","7":"product_cat-botellas-de-tinta","8":"product_cat-consumibles","9":"product_cat-tintahp","10":"product_tag-cotizar","11":"product_tag-tinta-continua","13":"first","14":"instock","15":"shipping-taxable","16":"product-type-simple"},"post_mailing_queue_ids":[],"_links":{"self":[{"href":"https:\/\/laesfera.com.mx\/page\/wp-json\/wp\/v2\/product\/11831","targetHints":{"allow":["GET"]}}],"collection":[{"href":"https:\/\/laesfera.com.mx\/page\/wp-json\/wp\/v2\/product"}],"about":[{"href":"https:\/\/laesfera.com.mx\/page\/wp-json\/wp\/v2\/types\/product"}],"replies":[{"embeddable":true,"href":"https:\/\/laesfera.com.mx\/page\/wp-json\/wp\/v2\/comments?post=11831"}],"wp:featuredmedia":[{"embeddable":true,"href":"https:\/\/laesfera.com.mx\/page\/wp-json\/wp\/v2\/media\/11833"}],"wp:attachment":[{"href":"https:\/\/laesfera.com.mx\/page\/wp-json\/wp\/v2\/media?parent=11831"}],"wp:term":[{"taxonomy":"product_brand","embeddable":true,"href":"https:\/\/laesfera.com.mx\/page\/wp-json\/wp\/v2\/product_brand?post=11831"},{"taxonomy":"product_cat","embeddable":true,"href":"https:\/\/laesfera.com.mx\/page\/wp-json\/wp\/v2\/product_cat?post=11831"},{"taxonomy":"product_tag","embeddable":true,"href":"https:\/\/laesfera.com.mx\/page\/wp-json\/wp\/v2\/product_tag?post=11831"}],"curies":[{"name":"wp","href":"https:\/\/api.w.org\/{rel}","templated":true}]}}