{"id":11817,"date":"2020-06-22T12:24:31","date_gmt":"2020-06-22T18:24:31","guid":{"rendered":"https:\/\/laesfera.com.mx\/page\/?post_type=product&#038;p=11817"},"modified":"2025-05-20T15:02:53","modified_gmt":"2025-05-20T19:02:53","slug":"sello-fechador-printer-shiny-s-830d","status":"publish","type":"product","link":"https:\/\/laesfera.com.mx\/page\/tienda\/sello-fechador-printer-shiny-s-830d\/","title":{"rendered":"Sello fechador printer Shiny S-830D"},"content":{"rendered":"<p><strong>Sello fechador printer Shiny S-830D<\/strong><\/p>\n<p>&nbsp;<\/p>\n<p style=\"text-align: justify\">Cuando se tienen que comprar sellos para usar frecuentemente en una oficina, o en cualquier negocio se genera la duda de cu\u00e1l es el mejor tipo de sello que existe en el mercado y qu\u00e9 diferencia existe entre ellos. Si busca un sello para grabar de forma sistem\u00e1tica muchos documentos, que no dejen ning\u00fan tipo de marca y que la impresi\u00f3n sea perfecta, entonces los sellos autom\u00e1ticos Shiny son los sellos que estaba buscando.<\/p>\n<p style=\"text-align: justify\">Este autom\u00e1tico destaca por la calidad y durabilidad. El sello de goma es de caucho de primera calidad. Medida del sello es de 75 x 38 mm. para 1 a 3 l\u00edneas. Carcasas a escoger en varios colores. Incluye la almohadilla.<\/p>\n<p>&nbsp;<\/p>\n<p><strong>Dimensiones<br \/>\n<\/strong><\/p>\n<ul>\n<li><strong>Altura: <\/strong>3.8 cm<\/li>\n<li><strong>Anchura: <\/strong>7.5 cm<\/li>\n<\/ul>\n<p>&nbsp;<\/p>\n<p>&nbsp;<\/p>\n<p><strong>Marca:\u00a0<\/strong>Shiny<br \/>\n<strong>Modelo: <\/strong>S-830D<br \/>\n<strong>Cve:<\/strong> 4710850108301<\/p>\n","protected":false},"excerpt":{"rendered":"<p>Sello fechador\u00a0autom\u00e1tico<\/p>\n","protected":false},"featured_media":11819,"comment_status":"open","ping_status":"closed","template":"","meta":{"_joinchat":[]},"product_brand":[7852],"product_cat":[3177,9,5429],"product_tag":[4119],"class_list":{"0":"post-11817","1":"product","2":"type-product","3":"status-publish","4":"has-post-thumbnail","6":"product_brand-shiny","7":"product_cat-cojines-sellos-y-tintas","8":"product_cat-oficina","9":"product_cat-sellos","10":"product_tag-sello","12":"first","13":"outofstock","14":"shipping-taxable","15":"purchasable","16":"product-type-simple"},"post_mailing_queue_ids":[],"_links":{"self":[{"href":"https:\/\/laesfera.com.mx\/page\/wp-json\/wp\/v2\/product\/11817","targetHints":{"allow":["GET"]}}],"collection":[{"href":"https:\/\/laesfera.com.mx\/page\/wp-json\/wp\/v2\/product"}],"about":[{"href":"https:\/\/laesfera.com.mx\/page\/wp-json\/wp\/v2\/types\/product"}],"replies":[{"embeddable":true,"href":"https:\/\/laesfera.com.mx\/page\/wp-json\/wp\/v2\/comments?post=11817"}],"wp:featuredmedia":[{"embeddable":true,"href":"https:\/\/laesfera.com.mx\/page\/wp-json\/wp\/v2\/media\/11819"}],"wp:attachment":[{"href":"https:\/\/laesfera.com.mx\/page\/wp-json\/wp\/v2\/media?parent=11817"}],"wp:term":[{"taxonomy":"product_brand","embeddable":true,"href":"https:\/\/laesfera.com.mx\/page\/wp-json\/wp\/v2\/product_brand?post=11817"},{"taxonomy":"product_cat","embeddable":true,"href":"https:\/\/laesfera.com.mx\/page\/wp-json\/wp\/v2\/product_cat?post=11817"},{"taxonomy":"product_tag","embeddable":true,"href":"https:\/\/laesfera.com.mx\/page\/wp-json\/wp\/v2\/product_tag?post=11817"}],"curies":[{"name":"wp","href":"https:\/\/api.w.org\/{rel}","templated":true}]}}