{"id":11780,"date":"2020-06-20T12:58:12","date_gmt":"2020-06-20T18:58:12","guid":{"rendered":"https:\/\/laesfera.com.mx\/page\/?post_type=product&#038;p=11780"},"modified":"2025-05-20T15:03:38","modified_gmt":"2025-05-20T19:03:38","slug":"sello-printer-shiny-s-842","status":"publish","type":"product","link":"https:\/\/laesfera.com.mx\/page\/tienda\/sello-printer-shiny-s-842\/","title":{"rendered":"Sello printer Shiny S-842"},"content":{"rendered":"<p><strong>Sello printer Shiny S-842.<\/strong><\/p>\n<p>&nbsp;<\/p>\n<p style=\"text-align: justify\">Cuando se tienen que comprar sellos para usar frecuentemente en una oficina, o en cualquier negocio se genera la duda de cu\u00e1l es el mejor tipo de sello que existe en el mercado y qu\u00e9 diferencia existe entre ellos. Si busca un sello para grabar de forma sistem\u00e1tica muchos documentos, que no dejen ning\u00fan tipo de marca y que la impresi\u00f3n sea perfecta, entonces los sellos autom\u00e1ticos Shiny son los sellos que estaba buscando.<\/p>\n<p style=\"text-align: justify\">Este autom\u00e1tico destaca por la calidad y durabilidad. El sello de goma es de caucho de primera calidad. Medida del sello es de 38 x 14 mm. para 1 a 3 l\u00edneas. Carcasas a escoger en varios colores. Incluye la almohadilla.<\/p>\n<p>&nbsp;<\/p>\n<p><strong>Dimensiones<br \/>\n<\/strong><\/p>\n<p><strong>Altura: <\/strong>1.4 cm<br \/>\n<strong>Anchura: <\/strong>3.8 cm<\/p>\n<p>&nbsp;<\/p>\n<p>&nbsp;<\/p>\n<p><strong>Marca:\u00a0<\/strong>Shiny<br \/>\n<strong>Modelo: <\/strong>S-842<br \/>\n<strong>Cve:<\/strong> 4710850842113<\/p>\n","protected":false},"excerpt":{"rendered":"<p>Sello printer Shiny S-842<\/p>\n","protected":false},"featured_media":11789,"comment_status":"open","ping_status":"closed","template":"","meta":{"_joinchat":[]},"product_brand":[7852],"product_cat":[3177,9,5429],"product_tag":[4119],"class_list":{"0":"post-11780","1":"product","2":"type-product","3":"status-publish","4":"has-post-thumbnail","6":"product_brand-shiny","7":"product_cat-cojines-sellos-y-tintas","8":"product_cat-oficina","9":"product_cat-sellos","10":"product_tag-sello","12":"first","13":"instock","14":"shipping-taxable","15":"purchasable","16":"product-type-simple"},"post_mailing_queue_ids":[],"_links":{"self":[{"href":"https:\/\/laesfera.com.mx\/page\/wp-json\/wp\/v2\/product\/11780","targetHints":{"allow":["GET"]}}],"collection":[{"href":"https:\/\/laesfera.com.mx\/page\/wp-json\/wp\/v2\/product"}],"about":[{"href":"https:\/\/laesfera.com.mx\/page\/wp-json\/wp\/v2\/types\/product"}],"replies":[{"embeddable":true,"href":"https:\/\/laesfera.com.mx\/page\/wp-json\/wp\/v2\/comments?post=11780"}],"wp:featuredmedia":[{"embeddable":true,"href":"https:\/\/laesfera.com.mx\/page\/wp-json\/wp\/v2\/media\/11789"}],"wp:attachment":[{"href":"https:\/\/laesfera.com.mx\/page\/wp-json\/wp\/v2\/media?parent=11780"}],"wp:term":[{"taxonomy":"product_brand","embeddable":true,"href":"https:\/\/laesfera.com.mx\/page\/wp-json\/wp\/v2\/product_brand?post=11780"},{"taxonomy":"product_cat","embeddable":true,"href":"https:\/\/laesfera.com.mx\/page\/wp-json\/wp\/v2\/product_cat?post=11780"},{"taxonomy":"product_tag","embeddable":true,"href":"https:\/\/laesfera.com.mx\/page\/wp-json\/wp\/v2\/product_tag?post=11780"}],"curies":[{"name":"wp","href":"https:\/\/api.w.org\/{rel}","templated":true}]}}