{"id":11774,"date":"2020-06-20T12:15:58","date_gmt":"2020-06-20T18:15:58","guid":{"rendered":"https:\/\/laesfera.com.mx\/page\/?post_type=product&#038;p=11774"},"modified":"2025-07-17T22:04:16","modified_gmt":"2025-07-18T02:04:16","slug":"enfriador-y-calentador-de-agua-mddc10b-blanco","status":"publish","type":"product","link":"https:\/\/laesfera.com.mx\/page\/tienda\/enfriador-y-calentador-de-agua-mddc10b-blanco\/","title":{"rendered":"Enfriador y calentador de agua MDD10CB blanco"},"content":{"rendered":"<p><strong>Enfriador y calentador de agua MDD10CB blanco.<\/strong><\/p>\n<p>&nbsp;<\/p>\n<p style=\"text-align: justify\">Provee agua de calidad y asegura la salud y el bienestar de tu familia, tus clientes o tu equipo de trabajo. Este dispensador est\u00e1 confeccionado con materiales resistentes y duraderos, que te garantizar\u00e1n una bebida segura en todo momento.<\/p>\n<p>Temperatura ideal<br \/>\nEste dispensador te proveer\u00e1 agua fr\u00eda y caliente, para que utilices en cualquier actividad de tu vida diaria. Podr\u00e1s disfrutar de una bebida fresca o preparar tus infusiones preferidas en un instante.<\/p>\n<p>&nbsp;<\/p>\n<p><strong>Especificaciones:<\/strong><\/p>\n<ul>\n<li><strong>Voltaje de operaci\u00f3n:<\/strong> 115 V \/ 1 Ph \/ 60 Hz<\/li>\n<li><strong>Corriente enfriador:<\/strong> 0.7 A<\/li>\n<li><strong>Corriente calefactor:<\/strong> 4.25 A<\/li>\n<li><strong>Consumo enfriador:<\/strong> 70 W<\/li>\n<li><strong>Consumo total:<\/strong> 560 W<\/li>\n<li><strong>Salida de agua fr\u00eda:<\/strong> 2-4 L\/h \u2013 \u00b0C<\/li>\n<li><strong>Salida de agua caliente:<\/strong>\u00a05-95 L\/h \u2013 \u00b0C<\/li>\n<li><strong>Refrigerante tipo:<\/strong> R134a<\/li>\n<li><strong>Peso:<\/strong> 9.5 kg<\/li>\n<li><strong>Dimensiones:<\/strong> 35 x 35 x 95 cm.<\/li>\n<\/ul>\n<p>&nbsp;<\/p>\n<p>&nbsp;<\/p>\n<p><strong>Marca:\u00a0<\/strong>Mirage<br \/>\n<strong>Modelo:\u00a0<\/strong>MDD10CB<br \/>\n<strong>Color:\u00a0<\/strong>Blanco<br \/>\n<strong>Cve: <\/strong>MS 444<\/p>\n","protected":false},"excerpt":{"rendered":"<p>Ideal para casa, oficina, escuela, etc.<\/p>\n","protected":false},"featured_media":11830,"comment_status":"open","ping_status":"closed","template":"","meta":{"_joinchat":[]},"product_brand":[7880],"product_cat":[1661,10],"product_tag":[7906,7900,7904],"class_list":{"0":"post-11774","1":"product","2":"type-product","3":"status-publish","4":"has-post-thumbnail","6":"product_brand-mirage","7":"product_cat-enfriadores","8":"product_cat-equipos","9":"product_tag-calentador","10":"product_tag-cotizar","11":"product_tag-enfriador","13":"first","14":"instock","15":"shipping-taxable","16":"product-type-simple"},"post_mailing_queue_ids":[],"_links":{"self":[{"href":"https:\/\/laesfera.com.mx\/page\/wp-json\/wp\/v2\/product\/11774","targetHints":{"allow":["GET"]}}],"collection":[{"href":"https:\/\/laesfera.com.mx\/page\/wp-json\/wp\/v2\/product"}],"about":[{"href":"https:\/\/laesfera.com.mx\/page\/wp-json\/wp\/v2\/types\/product"}],"replies":[{"embeddable":true,"href":"https:\/\/laesfera.com.mx\/page\/wp-json\/wp\/v2\/comments?post=11774"}],"wp:featuredmedia":[{"embeddable":true,"href":"https:\/\/laesfera.com.mx\/page\/wp-json\/wp\/v2\/media\/11830"}],"wp:attachment":[{"href":"https:\/\/laesfera.com.mx\/page\/wp-json\/wp\/v2\/media?parent=11774"}],"wp:term":[{"taxonomy":"product_brand","embeddable":true,"href":"https:\/\/laesfera.com.mx\/page\/wp-json\/wp\/v2\/product_brand?post=11774"},{"taxonomy":"product_cat","embeddable":true,"href":"https:\/\/laesfera.com.mx\/page\/wp-json\/wp\/v2\/product_cat?post=11774"},{"taxonomy":"product_tag","embeddable":true,"href":"https:\/\/laesfera.com.mx\/page\/wp-json\/wp\/v2\/product_tag?post=11774"}],"curies":[{"name":"wp","href":"https:\/\/api.w.org\/{rel}","templated":true}]}}