{"id":11653,"date":"2020-06-19T11:52:03","date_gmt":"2020-06-19T17:52:03","guid":{"rendered":"https:\/\/laesfera.com.mx\/page\/?post_type=product&#038;p=11653"},"modified":"2025-11-06T13:58:06","modified_gmt":"2025-11-06T17:58:06","slug":"archivero-3-cajones-jm-17056","status":"publish","type":"product","link":"https:\/\/laesfera.com.mx\/page\/tienda\/archivero-3-cajones-jm-17056\/","title":{"rendered":"Archivero met\u00e1lico 3 cajones carta Hirsh 17056 negro"},"content":{"rendered":"<p><span style=\"color: #000000;\">Archivero met\u00e1lico 3 cajones carta Hirsh 17056 negro<\/span><\/p>\n<p>&nbsp;<\/p>\n<p style=\"text-align: justify;\"><span style=\"color: #000000;\">Complementa tu negocio o lugar de trabajo con nuestro pr\u00e1ctico archivero met\u00e1lico, fabricado de metal, con 2 gavetas de archivado y un caj\u00f3n papelero tama\u00f1o carta, cuenta con cerrojo de bloqueo y llaves.<\/span><\/p>\n<p>&nbsp;<\/p>\n<p><span style=\"color: #000000;\"><strong>Caracter\u00edsticas<\/strong><\/span><\/p>\n<ul>\n<li><span style=\"color: #000000;\">Fabricado en metal<\/span><\/li>\n<li><span style=\"color: #000000;\">Con 2 gavetas y un caj\u00f3n<\/span><\/li>\n<li><span style=\"color: #000000;\">Bloqueo de cajones con llave<\/span><\/li>\n<li><span style=\"color: #000000;\">Peso<strong>:\u00a0<\/strong>12.25 Kg<\/span><\/li>\n<\/ul>\n<p>&nbsp;<\/p>\n<p class=\"selectable-text copyable-text x15bjb6t x1n2onr6\"><span style=\"color: #000000;\"><strong><span class=\"selectable-text copyable-text xkrh14z\">Dimensiones:<\/span><\/strong><\/span><\/p>\n<p class=\"selectable-text copyable-text x15bjb6t x1n2onr6\"><span style=\"color: #000000;\"><span class=\"selectable-text copyable-text xkrh14z\"><strong>Largo:<\/strong> 36 cm<br \/>\n<\/span><span class=\"selectable-text copyable-text xkrh14z\"><strong>Ancho:<\/strong> 46 cm<br \/>\n<\/span><span class=\"selectable-text copyable-text xkrh14z\"><strong>Alto:<\/strong> 70 cm<\/span><\/span><\/p>\n<p>&nbsp;<\/p>\n<p><span style=\"color: #000000;\"><strong>Marca: <\/strong>Hirsh<strong><br \/>\n<\/strong><strong>Modelo: <\/strong>17056<\/span><br \/>\n<span style=\"color: #000000;\"><strong>Color:\u00a0<\/strong>Negro<\/span><br \/>\n<span style=\"color: #000000;\"><strong>Cve:\u00a0<\/strong>OF 001<\/span><\/p>\n","protected":false},"excerpt":{"rendered":"<p>Archivero 2 gavetas y 1 caj\u00f3n.<\/p>\n","protected":false},"featured_media":20997,"comment_status":"open","ping_status":"closed","template":"","meta":{"_joinchat":[]},"product_brand":[7883],"product_cat":[74,8],"product_tag":[7552,7900,7659],"class_list":{"0":"post-11653","1":"product","2":"type-product","3":"status-publish","4":"has-post-thumbnail","6":"product_brand-hirsh","7":"product_cat-archiveros","8":"product_cat-muebles","9":"product_tag-archivero","10":"product_tag-cotizar","11":"product_tag-mbl","13":"first","14":"instock","15":"shipping-taxable","16":"product-type-simple"},"post_mailing_queue_ids":[],"_links":{"self":[{"href":"https:\/\/laesfera.com.mx\/page\/wp-json\/wp\/v2\/product\/11653","targetHints":{"allow":["GET"]}}],"collection":[{"href":"https:\/\/laesfera.com.mx\/page\/wp-json\/wp\/v2\/product"}],"about":[{"href":"https:\/\/laesfera.com.mx\/page\/wp-json\/wp\/v2\/types\/product"}],"replies":[{"embeddable":true,"href":"https:\/\/laesfera.com.mx\/page\/wp-json\/wp\/v2\/comments?post=11653"}],"wp:featuredmedia":[{"embeddable":true,"href":"https:\/\/laesfera.com.mx\/page\/wp-json\/wp\/v2\/media\/20997"}],"wp:attachment":[{"href":"https:\/\/laesfera.com.mx\/page\/wp-json\/wp\/v2\/media?parent=11653"}],"wp:term":[{"taxonomy":"product_brand","embeddable":true,"href":"https:\/\/laesfera.com.mx\/page\/wp-json\/wp\/v2\/product_brand?post=11653"},{"taxonomy":"product_cat","embeddable":true,"href":"https:\/\/laesfera.com.mx\/page\/wp-json\/wp\/v2\/product_cat?post=11653"},{"taxonomy":"product_tag","embeddable":true,"href":"https:\/\/laesfera.com.mx\/page\/wp-json\/wp\/v2\/product_tag?post=11653"}],"curies":[{"name":"wp","href":"https:\/\/api.w.org\/{rel}","templated":true}]}}