{"id":11387,"date":"2020-06-16T15:45:58","date_gmt":"2020-06-16T21:45:58","guid":{"rendered":"https:\/\/laesfera.com.mx\/page\/?post_type=product&#038;p=11387"},"modified":"2025-07-18T02:06:56","modified_gmt":"2025-07-18T06:06:56","slug":"calculadora-cientifica-casio-fx-82ms-2","status":"publish","type":"product","link":"https:\/\/laesfera.com.mx\/page\/tienda\/calculadora-cientifica-casio-fx-82ms-2\/","title":{"rendered":"Calculadora cient\u00edfica Casio FX-82MS-2"},"content":{"rendered":"<h4><strong>Calculadora cient\u00edfica Casio FX-82MS-2<\/strong><\/h4>\n<p>&nbsp;<\/p>\n<p>La Calculadora Cient\u00edfica Casio FX-82MS-2 es una herramienta escolar que combina sus 240 funciones con una potente pantalla DOT LCD de 2 l\u00edneas y 8 memorias variables para que tus clases sean m\u00e1s interesantes y sencillas de entender.<\/p>\n<p>Realiza c\u00e1lculos b\u00e1sicos, estad\u00edsticos, trigonom\u00e9tricos, diferenciales e integrales, en grado centesimal, grado sexagesimal y medida de arco; c\u00e1lculo autom\u00e1tico de fracciones, coordenadas polares en coordenadas rectangulares y viceversa; estad\u00edstica bidimensional con c\u00e1lculo de media, valor estimado y suma; funciones hiperb\u00f3licas e hiperb\u00f3licas inversas y mucho m\u00e1s.<\/p>\n<p>Tambi\u00e9n cuenta con un generador de n\u00fameros aleatorios, un sistema intuitivo de men\u00fas para c\u00e1lculos estad\u00edsticos y 24 niveles de par\u00e9ntesis.<\/p>\n<p>Usa una bater\u00eda \u201cAA\u201d como modo de alimentaci\u00f3n permanente.<\/p>\n<p>Incluye una carcasa r\u00edgida.<\/p>\n<p>\u201cUna opci\u00f3n excelente para resolver cualquier problema matem\u00e1tico de nivel secundaria.\u201d<\/p>\n<p>&nbsp;<\/p>\n<p>&nbsp;<\/p>\n<p><strong>Marca: <\/strong>Casio<br \/>\n<strong>Modelo:\u00a0<\/strong>FX-82MS-2<br \/>\n<strong>Color:\u00a0<\/strong>Negro<br \/>\n<strong>Cve: <\/strong>4549526607226<\/p>\n","protected":false},"excerpt":{"rendered":"<p>Ideal para nivel secundaria<\/p>\n","protected":false},"featured_media":19989,"comment_status":"open","ping_status":"closed","template":"","meta":{"_joinchat":[]},"product_brand":[7784],"product_cat":[6850],"product_tag":[7385],"class_list":{"0":"post-11387","1":"product","2":"type-product","3":"status-publish","4":"has-post-thumbnail","6":"product_brand-casio","7":"product_cat-articulosescolares","8":"product_tag-calculadora-cientifica","10":"first","11":"instock","12":"shipping-taxable","13":"purchasable","14":"product-type-simple"},"post_mailing_queue_ids":[],"_links":{"self":[{"href":"https:\/\/laesfera.com.mx\/page\/wp-json\/wp\/v2\/product\/11387","targetHints":{"allow":["GET"]}}],"collection":[{"href":"https:\/\/laesfera.com.mx\/page\/wp-json\/wp\/v2\/product"}],"about":[{"href":"https:\/\/laesfera.com.mx\/page\/wp-json\/wp\/v2\/types\/product"}],"replies":[{"embeddable":true,"href":"https:\/\/laesfera.com.mx\/page\/wp-json\/wp\/v2\/comments?post=11387"}],"wp:featuredmedia":[{"embeddable":true,"href":"https:\/\/laesfera.com.mx\/page\/wp-json\/wp\/v2\/media\/19989"}],"wp:attachment":[{"href":"https:\/\/laesfera.com.mx\/page\/wp-json\/wp\/v2\/media?parent=11387"}],"wp:term":[{"taxonomy":"product_brand","embeddable":true,"href":"https:\/\/laesfera.com.mx\/page\/wp-json\/wp\/v2\/product_brand?post=11387"},{"taxonomy":"product_cat","embeddable":true,"href":"https:\/\/laesfera.com.mx\/page\/wp-json\/wp\/v2\/product_cat?post=11387"},{"taxonomy":"product_tag","embeddable":true,"href":"https:\/\/laesfera.com.mx\/page\/wp-json\/wp\/v2\/product_tag?post=11387"}],"curies":[{"name":"wp","href":"https:\/\/api.w.org\/{rel}","templated":true}]}}