{"id":11362,"date":"2020-06-16T10:59:10","date_gmt":"2020-06-16T16:59:10","guid":{"rendered":"https:\/\/laesfera.com.mx\/page\/?post_type=product&#038;p=11362"},"modified":"2025-07-14T14:17:12","modified_gmt":"2025-07-14T18:17:12","slug":"botella-epson-t534120-al-negro","status":"publish","type":"product","link":"https:\/\/laesfera.com.mx\/page\/tienda\/botella-epson-t534120-al-negro\/","title":{"rendered":"Botella Epson T534120-AL negro"},"content":{"rendered":"<p><strong>Botella Epson T534120-AL negro.<\/strong><\/p>\n<p>&nbsp;<\/p>\n<p>Rellena el tanque de tinta de tu impresora con esta botella de tinta original T534 de la marca Epson. Rinde hasta 6.000 impresiones. Est\u00e1 dise\u00f1ado con la m\u00e1s alta calidad para impresiones duraderas.<\/p>\n<div class=\"list-row\">\n<p class=\"feature-title body-copy v-fw-medium\"><strong>Peque\u00f1a botella. Gran rendimiento<\/strong><br \/>\nLa botella de tinta T534 te ofrece gran rendimiento con impresiones n\u00edtidas y precisas<\/p>\n<\/div>\n<div class=\"list-row\">\n<p class=\"feature-title body-copy v-fw-medium\"><strong>Tecnolog\u00eda EcoTank<\/strong><br \/>\nDisfruta de recargas sin problemas ni complicaciones con las botellas de tinta mejoradas<\/p>\n<\/div>\n<div class=\"list-row\">\n<p class=\"feature-title body-copy v-fw-medium\"><strong>\u00dasalo en tu equipo de impresi\u00f3n<\/strong><br \/>\nEquipos de impresi\u00f3n EcoTank L3110<\/p>\n<\/div>\n<div class=\"list-row\">\n<p class=\"feature-title body-copy v-fw-medium\"><strong>Rendimiento<\/strong><br \/>\n6000 impresiones<\/p>\n<p><strong>Compatibilidad:<br \/>\n<\/strong>Impresora Epson Ecotank M1120<br \/>\nImpresora Epson Ecotank M3180<br \/>\nImpresora Epson Ecotank M1180<br \/>\nImpresora Epson Ecotank M2170<br \/>\nImpresora Epson Ecotank M3170<br \/>\nImpresora Epson Ecotank M1100<br \/>\nImpresora Epson Ecotank M2140<\/p>\n<\/div>\n<p>&nbsp;<\/p>\n<p>&nbsp;<\/p>\n<p><strong>Marca:\u00a0<\/strong>Epson<br \/>\n<strong>Modelo:\u00a0<\/strong>T534120-AL<br \/>\n<strong>Color:\u00a0<\/strong>Negro<br \/>\n<strong>Cve:\u00a0<\/strong>010343943865<\/p>\n","protected":false},"excerpt":{"rendered":"<p>Botella de alto rendimiento<\/p>\n","protected":false},"featured_media":11363,"comment_status":"open","ping_status":"closed","template":"","meta":{"_joinchat":[]},"product_brand":[7839],"product_cat":[5434,11,6108],"product_tag":[7636],"class_list":{"0":"post-11362","1":"product","2":"type-product","3":"status-publish","4":"has-post-thumbnail","6":"product_brand-epson","7":"product_cat-botellas-de-tinta","8":"product_cat-consumibles","9":"product_cat-tintaepson","10":"product_tag-tinta-continua","12":"first","13":"outofstock","14":"shipping-taxable","15":"purchasable","16":"product-type-simple"},"post_mailing_queue_ids":[],"_links":{"self":[{"href":"https:\/\/laesfera.com.mx\/page\/wp-json\/wp\/v2\/product\/11362","targetHints":{"allow":["GET"]}}],"collection":[{"href":"https:\/\/laesfera.com.mx\/page\/wp-json\/wp\/v2\/product"}],"about":[{"href":"https:\/\/laesfera.com.mx\/page\/wp-json\/wp\/v2\/types\/product"}],"replies":[{"embeddable":true,"href":"https:\/\/laesfera.com.mx\/page\/wp-json\/wp\/v2\/comments?post=11362"}],"wp:featuredmedia":[{"embeddable":true,"href":"https:\/\/laesfera.com.mx\/page\/wp-json\/wp\/v2\/media\/11363"}],"wp:attachment":[{"href":"https:\/\/laesfera.com.mx\/page\/wp-json\/wp\/v2\/media?parent=11362"}],"wp:term":[{"taxonomy":"product_brand","embeddable":true,"href":"https:\/\/laesfera.com.mx\/page\/wp-json\/wp\/v2\/product_brand?post=11362"},{"taxonomy":"product_cat","embeddable":true,"href":"https:\/\/laesfera.com.mx\/page\/wp-json\/wp\/v2\/product_cat?post=11362"},{"taxonomy":"product_tag","embeddable":true,"href":"https:\/\/laesfera.com.mx\/page\/wp-json\/wp\/v2\/product_tag?post=11362"}],"curies":[{"name":"wp","href":"https:\/\/api.w.org\/{rel}","templated":true}]}}