{"id":11249,"date":"2020-06-15T15:10:25","date_gmt":"2020-06-15T21:10:25","guid":{"rendered":"https:\/\/laesfera.com.mx\/page\/?post_type=product&#038;p=11249"},"modified":"2025-05-20T15:33:36","modified_gmt":"2025-05-20T19:33:36","slug":"marcador-permanente-negro-esterbrook-sharpie","status":"publish","type":"product","link":"https:\/\/laesfera.com.mx\/page\/tienda\/marcador-permanente-negro-esterbrook-sharpie\/","title":{"rendered":"Marcador permanente Esterbrook Sharpie"},"content":{"rendered":"<h4><strong>Marcador permanente Esterbrook Sharpie<\/strong><\/h4>\n<p>&nbsp;<\/p>\n<div style=\"text-align: justify\">Personaliza o decora tus art\u00edculos favoritos de forma indeleble y segura en cada trazo.<\/div>\n<div id=\"infoParrafo2\" class=\"cont-infoParrafo2-text\" style=\"text-align: justify\">\n<ul>\n<li>Duraci\u00f3n infalible en cada l\u00ednea, punto o s\u00edmbolo.<\/li>\n<li>Tinta de secado r\u00e1pido, resistente al agua y que no decolora.<\/li>\n<li>Punta tipo cincel que te permite generar l\u00edneas delgadas, medianas o gruesas conforme lo requieras.<\/li>\n<li>Cuerpo de aluminio que permite un agarre firme y preciso con mayor durabilidad a pesar del uso diario.<\/li>\n<li>Util\u00edzalo en distintos tipos de materiales, como papel, pl\u00e1stico, madera y metal.<\/li>\n<li>No t\u00f3xico y libre de Xilol.<\/li>\n<\/ul>\n<\/div>\n<p><strong>Modelo:<\/strong> Esterbrook<br \/>\n<strong>Marca:<\/strong> Sharpie<br \/>\n<strong>Cve\/Color:<br \/>\n<\/strong>071641041752\u00a0 \u00a0Negro<br \/>\n071641041769\u00a0 \u00a0Azul<br \/>\n071641041783\u00a0 \u00a0Rojo<\/p>\n","protected":false},"excerpt":{"rendered":"<p>Barril de aluminio<\/p>\n","protected":false},"featured_media":11667,"comment_status":"open","ping_status":"closed","template":"","meta":{"_joinchat":[]},"product_brand":[7818],"product_cat":[5530,5161,5534],"product_tag":[7377],"class_list":{"0":"post-11249","1":"product","2":"type-product","3":"status-publish","4":"has-post-thumbnail","6":"product_brand-sharpie","7":"product_cat-escritura","8":"product_cat-papeleria","9":"product_cat-plumones-y-marcadores","10":"product_tag-marcador-permanente","12":"first","13":"instock","14":"shipping-taxable","15":"purchasable","16":"product-type-simple"},"post_mailing_queue_ids":[],"_links":{"self":[{"href":"https:\/\/laesfera.com.mx\/page\/wp-json\/wp\/v2\/product\/11249","targetHints":{"allow":["GET"]}}],"collection":[{"href":"https:\/\/laesfera.com.mx\/page\/wp-json\/wp\/v2\/product"}],"about":[{"href":"https:\/\/laesfera.com.mx\/page\/wp-json\/wp\/v2\/types\/product"}],"replies":[{"embeddable":true,"href":"https:\/\/laesfera.com.mx\/page\/wp-json\/wp\/v2\/comments?post=11249"}],"wp:featuredmedia":[{"embeddable":true,"href":"https:\/\/laesfera.com.mx\/page\/wp-json\/wp\/v2\/media\/11667"}],"wp:attachment":[{"href":"https:\/\/laesfera.com.mx\/page\/wp-json\/wp\/v2\/media?parent=11249"}],"wp:term":[{"taxonomy":"product_brand","embeddable":true,"href":"https:\/\/laesfera.com.mx\/page\/wp-json\/wp\/v2\/product_brand?post=11249"},{"taxonomy":"product_cat","embeddable":true,"href":"https:\/\/laesfera.com.mx\/page\/wp-json\/wp\/v2\/product_cat?post=11249"},{"taxonomy":"product_tag","embeddable":true,"href":"https:\/\/laesfera.com.mx\/page\/wp-json\/wp\/v2\/product_tag?post=11249"}],"curies":[{"name":"wp","href":"https:\/\/api.w.org\/{rel}","templated":true}]}}