{"id":11061,"date":"2020-06-12T12:46:43","date_gmt":"2020-06-12T18:46:43","guid":{"rendered":"https:\/\/laesfera.com.mx\/page\/?post_type=product&#038;p=11061"},"modified":"2025-07-15T12:58:43","modified_gmt":"2025-07-15T16:58:43","slug":"aire-comprimido-aerojet-silimex-440-ml","status":"publish","type":"product","link":"https:\/\/laesfera.com.mx\/page\/tienda\/aire-comprimido-aerojet-silimex-440-ml\/","title":{"rendered":"Aire comprimido Aerojet Silimex 440 ml."},"content":{"rendered":"<p><strong>Aire comprimido Aerojet Silimex 440 ml.<\/strong><\/p>\n<p>&nbsp;<\/p>\n<p><strong>Descripcion:<\/strong><\/p>\n<p>Aerojet tiene la presion necesaria para remover el polvo y\/o residuos en lugares de dificil acceso<\/p>\n<p><strong>Aplicaciones:<\/strong><\/p>\n<p>Puede utilizarse en equipos de computo y electronica. Instrumento de limpieza en el hogar, oficina y automoviles.<\/p>\n<p><strong>Indicaciones de uso:<\/strong><\/p>\n<p>No agite el envase, esto puede provocar que el gas salga en este estado l\u00edquido. Antes de usarse, se recomienda hacer siempre uno o dos disparos fuera del \u00e1rea a limpiar. Para iniciar la limpieza dirija Aerojet hacia el \u00e1rea a tratar. Realize disparos cortos de un segundo a una distancia de 15 a 20 cm del \u00e1rea.<\/p>\n<p>&nbsp;<\/p>\n<p>&nbsp;<\/p>\n<p><strong>Marca:\u00a0<\/strong>Silimex<br \/>\n<strong>Modelo:\u00a0<\/strong>Aerojet<br \/>\n<strong>Contenido:\u00a0<\/strong>440 ml<br \/>\n<strong>Cve:\u00a0<\/strong>7503002196571<\/p>\n","protected":false},"excerpt":{"rendered":"<p>Ideal para computo y Electr\u00f3nica.<\/p>\n","protected":false},"featured_media":11065,"comment_status":"open","ping_status":"closed","template":"","meta":{"_joinchat":[]},"product_brand":[7833],"product_cat":[7,1234],"product_tag":[7565],"class_list":{"0":"post-11061","1":"product","2":"type-product","3":"status-publish","4":"has-post-thumbnail","6":"product_brand-silimex","7":"product_cat-computo","8":"product_cat-limpieza","9":"product_tag-aire-comprimido","11":"first","12":"instock","13":"shipping-taxable","14":"purchasable","15":"product-type-simple"},"post_mailing_queue_ids":[],"_links":{"self":[{"href":"https:\/\/laesfera.com.mx\/page\/wp-json\/wp\/v2\/product\/11061","targetHints":{"allow":["GET"]}}],"collection":[{"href":"https:\/\/laesfera.com.mx\/page\/wp-json\/wp\/v2\/product"}],"about":[{"href":"https:\/\/laesfera.com.mx\/page\/wp-json\/wp\/v2\/types\/product"}],"replies":[{"embeddable":true,"href":"https:\/\/laesfera.com.mx\/page\/wp-json\/wp\/v2\/comments?post=11061"}],"wp:featuredmedia":[{"embeddable":true,"href":"https:\/\/laesfera.com.mx\/page\/wp-json\/wp\/v2\/media\/11065"}],"wp:attachment":[{"href":"https:\/\/laesfera.com.mx\/page\/wp-json\/wp\/v2\/media?parent=11061"}],"wp:term":[{"taxonomy":"product_brand","embeddable":true,"href":"https:\/\/laesfera.com.mx\/page\/wp-json\/wp\/v2\/product_brand?post=11061"},{"taxonomy":"product_cat","embeddable":true,"href":"https:\/\/laesfera.com.mx\/page\/wp-json\/wp\/v2\/product_cat?post=11061"},{"taxonomy":"product_tag","embeddable":true,"href":"https:\/\/laesfera.com.mx\/page\/wp-json\/wp\/v2\/product_tag?post=11061"}],"curies":[{"name":"wp","href":"https:\/\/api.w.org\/{rel}","templated":true}]}}