{"id":10449,"date":"2020-06-05T14:33:58","date_gmt":"2020-06-05T20:33:58","guid":{"rendered":"https:\/\/laesfera.com.mx\/page\/?post_type=product&#038;p=10449"},"modified":"2025-07-17T15:18:33","modified_gmt":"2025-07-17T19:18:33","slug":"gabinete-metalico-universal-gm-9140-2","status":"publish","type":"product","link":"https:\/\/laesfera.com.mx\/page\/tienda\/gabinete-metalico-universal-gm-9140-2\/","title":{"rendered":"Gabinete met\u00e1lico 2 puertas arena GM-9143 PM"},"content":{"rendered":"<p><strong>Gabinete met\u00e1lico 2 puertas arena GM-9143 PM<\/strong><\/p>\n<p style=\"text-align: justify\">Fabricado en l\u00e1mina calibre 22 rolado en fr\u00edo.<br \/>\nCuatro tacones en escuadra troqueladas fabricados el l\u00e1mina calibre 16.<br \/>\nTapa superior fabricada en l\u00e1mina calibre 22 rolado en fr\u00edo.<br \/>\nSistema de cierre general con chapa de seguridad.<br \/>\nCinco espacios, dos puertas con jaladera de barra de acero terminado en n\u00edquel satinado.<br \/>\nTerminado en pintura con aplicaci\u00f3n electrost\u00e1tica en f\u00f3rmula h\u00edbrido horneado a 190\u00b0.<\/p>\n<p><strong>Dimensiones:<\/strong><\/p>\n<ul>\n<li><strong>Alto:<\/strong> 180 cm.<\/li>\n<li><strong>Ancho:<\/strong> 90 cm.<\/li>\n<li><strong>Profundidad:<\/strong> 45 cm.<\/li>\n<\/ul>\n<p>&nbsp;<\/p>\n<p><strong>Marca:<\/strong>\u00a0PM<br \/>\n<strong>Modelo:<\/strong> GM-9143<br \/>\n<strong>Color:<\/strong> Arena<br \/>\n<strong>Cve: <\/strong>OF\u00a0022 S<\/p>\n","protected":false},"excerpt":{"rendered":"<p>Ideal para escuela.<\/p>\n","protected":false},"featured_media":11803,"comment_status":"open","ping_status":"closed","template":"","meta":{"_joinchat":[]},"product_brand":[7876],"product_cat":[5582,5581,8],"product_tag":[7900,507],"class_list":{"0":"post-10449","1":"product","2":"type-product","3":"status-publish","4":"has-post-thumbnail","6":"product_brand-pm","7":"product_cat-gabinetes-gabinetes-y-lockers","8":"product_cat-gabinetes-y-lockers","9":"product_cat-muebles","10":"product_tag-cotizar","11":"product_tag-gabinete","13":"first","14":"instock","15":"shipping-taxable","16":"product-type-simple"},"post_mailing_queue_ids":[],"_links":{"self":[{"href":"https:\/\/laesfera.com.mx\/page\/wp-json\/wp\/v2\/product\/10449","targetHints":{"allow":["GET"]}}],"collection":[{"href":"https:\/\/laesfera.com.mx\/page\/wp-json\/wp\/v2\/product"}],"about":[{"href":"https:\/\/laesfera.com.mx\/page\/wp-json\/wp\/v2\/types\/product"}],"replies":[{"embeddable":true,"href":"https:\/\/laesfera.com.mx\/page\/wp-json\/wp\/v2\/comments?post=10449"}],"wp:featuredmedia":[{"embeddable":true,"href":"https:\/\/laesfera.com.mx\/page\/wp-json\/wp\/v2\/media\/11803"}],"wp:attachment":[{"href":"https:\/\/laesfera.com.mx\/page\/wp-json\/wp\/v2\/media?parent=10449"}],"wp:term":[{"taxonomy":"product_brand","embeddable":true,"href":"https:\/\/laesfera.com.mx\/page\/wp-json\/wp\/v2\/product_brand?post=10449"},{"taxonomy":"product_cat","embeddable":true,"href":"https:\/\/laesfera.com.mx\/page\/wp-json\/wp\/v2\/product_cat?post=10449"},{"taxonomy":"product_tag","embeddable":true,"href":"https:\/\/laesfera.com.mx\/page\/wp-json\/wp\/v2\/product_tag?post=10449"}],"curies":[{"name":"wp","href":"https:\/\/api.w.org\/{rel}","templated":true}]}}