{"id":10330,"date":"2020-06-04T11:06:44","date_gmt":"2020-06-04T17:06:44","guid":{"rendered":"https:\/\/laesfera.com.mx\/page\/?post_type=product&#038;p=10330"},"modified":"2025-10-10T21:17:25","modified_gmt":"2025-10-11T01:17:25","slug":"sillon-ejecutivo-negro-rimini","status":"publish","type":"product","link":"https:\/\/laesfera.com.mx\/page\/tienda\/sillon-ejecutivo-negro-rimini\/","title":{"rendered":"Sill\u00f3n ejecutivo negro Rimini"},"content":{"rendered":"<p><strong>Sill\u00f3n ejecutivo negro Rimini<\/strong><\/p>\n<p>&nbsp;<\/p>\n<p style=\"text-align: justify\">Asiento y respaldo alto, hule espuma laminado flexible de alta densidad y alta resistencia; con descansa brazos de poliuretano r\u00edgido tapizados<\/p>\n<p style=\"text-align: justify\">Tapiz color negro<\/p>\n<p style=\"text-align: justify\">Mecanismo plato de acero reforzado con sistema de reclinaci\u00f3n y palanca de bloqueo, perilla de regulaci\u00f3n de tensi\u00f3n para el sistema de reclinaci\u00f3n<\/p>\n<p style=\"text-align: justify\">Elevaci\u00f3n por medio de pist\u00f3n neum\u00e1tico que permite ajustar la altura del asiento<\/p>\n<p style=\"text-align: justify\">Base estrella de 5 puntas en nylon reforzado, rodajas tipo dual o regatones<\/p>\n<p>&nbsp;<\/p>\n<p><strong>Marca:\u00a0<\/strong>Offiho<br \/>\n<strong>Modelo:\u00a0<\/strong>Rimini<br \/>\n<strong>Color:\u00a0<\/strong>Negro<br \/>\n<strong>Cve: <\/strong>SS 496<\/p>\n","protected":false},"excerpt":{"rendered":"<p>Ideal Para Oficina<\/p>\n","protected":false},"featured_media":19116,"comment_status":"open","ping_status":"closed","template":"","meta":{"_joinchat":[]},"product_brand":[7797],"product_cat":[8,79,5390],"product_tag":[7900,7659,1013],"class_list":{"0":"post-10330","1":"product","2":"type-product","3":"status-publish","4":"has-post-thumbnail","6":"product_brand-offiho","7":"product_cat-muebles","8":"product_cat-sillas","9":"product_cat-sillas-operativas","10":"product_tag-cotizar","11":"product_tag-mbl","12":"product_tag-sillon-ejecutivo","14":"first","15":"instock","16":"shipping-taxable","17":"product-type-simple"},"post_mailing_queue_ids":[],"_links":{"self":[{"href":"https:\/\/laesfera.com.mx\/page\/wp-json\/wp\/v2\/product\/10330","targetHints":{"allow":["GET"]}}],"collection":[{"href":"https:\/\/laesfera.com.mx\/page\/wp-json\/wp\/v2\/product"}],"about":[{"href":"https:\/\/laesfera.com.mx\/page\/wp-json\/wp\/v2\/types\/product"}],"replies":[{"embeddable":true,"href":"https:\/\/laesfera.com.mx\/page\/wp-json\/wp\/v2\/comments?post=10330"}],"wp:featuredmedia":[{"embeddable":true,"href":"https:\/\/laesfera.com.mx\/page\/wp-json\/wp\/v2\/media\/19116"}],"wp:attachment":[{"href":"https:\/\/laesfera.com.mx\/page\/wp-json\/wp\/v2\/media?parent=10330"}],"wp:term":[{"taxonomy":"product_brand","embeddable":true,"href":"https:\/\/laesfera.com.mx\/page\/wp-json\/wp\/v2\/product_brand?post=10330"},{"taxonomy":"product_cat","embeddable":true,"href":"https:\/\/laesfera.com.mx\/page\/wp-json\/wp\/v2\/product_cat?post=10330"},{"taxonomy":"product_tag","embeddable":true,"href":"https:\/\/laesfera.com.mx\/page\/wp-json\/wp\/v2\/product_tag?post=10330"}],"curies":[{"name":"wp","href":"https:\/\/api.w.org\/{rel}","templated":true}]}}