{"id":10196,"date":"2020-06-02T14:04:48","date_gmt":"2020-06-02T20:04:48","guid":{"rendered":"https:\/\/laesfera.com.mx\/page\/?post_type=product&#038;p=10196"},"modified":"2025-07-14T14:52:34","modified_gmt":"2025-07-14T18:52:34","slug":"organizador-sesia-c-5-cajones","status":"publish","type":"product","link":"https:\/\/laesfera.com.mx\/page\/tienda\/organizador-sesia-c-5-cajones\/","title":{"rendered":"Organizador sesia c\/5 cajones"},"content":{"rendered":"<p><strong>Organizador sesia c\/5 cajones.<\/strong><\/p>\n<p>&nbsp;<\/p>\n<p>5 compartimentos.<\/p>\n<p>compartimento superior con tapa.<\/p>\n<p>color transparente.<\/p>\n<p>Ideal para joyer\u00eda y art\u00edculos peque\u00f1os.<\/p>\n<p>&nbsp;<\/p>\n<p>&nbsp;<\/p>\n<p><strong>Marca:\u00a0<\/strong>Italhome<br \/>\n<strong>Modelo:<\/strong> Sesia 5 cajones<br \/>\n<strong>Color:<\/strong> Blanco\/Transparente<br \/>\n<strong>Cve:<\/strong> 7501036983358<\/p>\n","protected":false},"excerpt":{"rendered":"<p>Ideal para Tocador<\/p>\n","protected":false},"featured_media":16187,"comment_status":"open","ping_status":"closed","template":"","meta":{"_joinchat":[]},"product_brand":[7802],"product_cat":[1364],"product_tag":[3250],"class_list":{"0":"post-10196","1":"product","2":"type-product","3":"status-publish","4":"has-post-thumbnail","6":"product_brand-italhome","7":"product_cat-organizador","8":"product_tag-organizador-sesia","10":"first","11":"instock","12":"shipping-taxable","13":"purchasable","14":"product-type-simple"},"post_mailing_queue_ids":[],"_links":{"self":[{"href":"https:\/\/laesfera.com.mx\/page\/wp-json\/wp\/v2\/product\/10196","targetHints":{"allow":["GET"]}}],"collection":[{"href":"https:\/\/laesfera.com.mx\/page\/wp-json\/wp\/v2\/product"}],"about":[{"href":"https:\/\/laesfera.com.mx\/page\/wp-json\/wp\/v2\/types\/product"}],"replies":[{"embeddable":true,"href":"https:\/\/laesfera.com.mx\/page\/wp-json\/wp\/v2\/comments?post=10196"}],"wp:featuredmedia":[{"embeddable":true,"href":"https:\/\/laesfera.com.mx\/page\/wp-json\/wp\/v2\/media\/16187"}],"wp:attachment":[{"href":"https:\/\/laesfera.com.mx\/page\/wp-json\/wp\/v2\/media?parent=10196"}],"wp:term":[{"taxonomy":"product_brand","embeddable":true,"href":"https:\/\/laesfera.com.mx\/page\/wp-json\/wp\/v2\/product_brand?post=10196"},{"taxonomy":"product_cat","embeddable":true,"href":"https:\/\/laesfera.com.mx\/page\/wp-json\/wp\/v2\/product_cat?post=10196"},{"taxonomy":"product_tag","embeddable":true,"href":"https:\/\/laesfera.com.mx\/page\/wp-json\/wp\/v2\/product_tag?post=10196"}],"curies":[{"name":"wp","href":"https:\/\/api.w.org\/{rel}","templated":true}]}}