{"id":4326,"date":"2017-05-25T11:40:33","date_gmt":"2017-05-25T17:40:33","guid":{"rendered":"http:\/\/laesfera.com.mx\/page\/?page_id=4326"},"modified":"2021-04-15T10:39:09","modified_gmt":"2021-04-15T16:39:09","slug":"conocenos","status":"publish","type":"page","link":"https:\/\/laesfera.com.mx\/page\/conocenos\/","title":{"rendered":"Con\u00f3cenos"},"content":{"rendered":"<hr \/>\n<p>Nacemos en <strong>1922 <\/strong>con el nombre de <strong><span style=\"color: #000000;\">\u00abLa Abeja\u00bb<\/span><\/strong>, en 1932 cambiamos su nombre a <strong><span style=\"color: #000000;\">\u00abLa Esfera\u00bb<\/span><\/strong>, al d\u00eda de hoy somos ya, tres generaciones vendiendo calidad y servicio.<\/p>\n<p>Hace 20 a\u00f1os fuimos la primera empresa de nuestro giro dentro del Estado de Veracruz en diversificarse, innovando en el mercado con 5 l\u00edneas de productos logrando as\u00ed un concepto integral.<\/p>\n<ul>\n<li>Papeler\u00eda y art\u00edculos de oficina.<\/li>\n<li>Arquitectura, ingenier\u00eda y dibujo.<\/li>\n<li>Equipos y consumibles para c\u00f3mputo.<\/li>\n<li>Equipo especializado.<\/li>\n<li>Video proyectores.<\/li>\n<li>Pantallas virtuales.<\/li>\n<li>Mobiliario y siller\u00eda.<\/li>\n<li>Modulares.<\/li>\n<li>Salas de capacitaci\u00f3n.<\/li>\n<\/ul>\n<p>* De este \u00faltimo punto queremos comentarles que contamos con un departamento de dise\u00f1o el cual desarrolla con \u00e9xito varios proyectos en Orizaba y la regi\u00f3n. Es un mercado con mucho futuro debido a que su objetivo es aprovechar al m\u00e1ximo los espacios dentro de una oficina.<\/p>\n<p>En 1991 incursionamos al mercado del autoservicio, al crear \u00abOfimax La Esfera\u00bb, con el slogan: \u00abTodo para tu casa, oficina o negocio en un solo lugar\u00bb. El cual se creo con la idea de tener un concepto moderno de rapidez en el servicio.<\/p>\n<p><strong>Misi\u00f3n:<\/strong> Proporcionar un servicio integral en papeler\u00eda, art\u00edculos para oficinas, muebles, equipos y consumibles para c\u00f3mputo con las mejores garant\u00edas e insuperable servicio, a trav\u00e9s del mejoramiento continuo de nuestro personal que es el principal elemento para lograrlo.<\/p>\n<p><strong>Visi\u00f3n:<\/strong>\u00a0Garantizar la inversi\u00f3n de nuestros clientes logrando as\u00ed la satisfacci\u00f3n total.<\/p>\n<p><strong>Nuestros Valores:\u00a0<\/strong><\/p>\n<ul>\n<li>Honestidad,<\/li>\n<li>Innovaci\u00f3n,<\/li>\n<li>Responsabilidad,<\/li>\n<li>Respeto y<\/li>\n<li>Amistad<\/li>\n<\/ul>\n<p><strong>La Filosof\u00eda de nuestro \u00e9xito:<\/strong><\/p>\n<ul>\n<li>Surtido,<\/li>\n<li>Calidad y<\/li>\n<li>Precio.<\/li>\n<\/ul>\n<hr \/>\n","protected":false},"excerpt":{"rendered":"<p>Nacemos en 1922 con el nombre de \u00abLa Abeja\u00bb, en 1932 cambiamos su nombre a \u00abLa Esfera\u00bb, al d\u00eda de hoy somos ya, tres generaciones vendiendo calidad y servicio. Hace 20 a\u00f1os fuimos la primera empresa de nuestro giro dentro del Estado de Veracruz en diversificarse, innovando en el mercado con 5 l\u00edneas de productos [&hellip;]<\/p>\n","protected":false},"author":1,"featured_media":0,"parent":0,"menu_order":1,"comment_status":"closed","ping_status":"closed","template":"","meta":{"_joinchat":[],"footnotes":""},"class_list":["post-4326","page","type-page","status-publish","hentry"],"post_mailing_queue_ids":[],"_links":{"self":[{"href":"https:\/\/laesfera.com.mx\/page\/wp-json\/wp\/v2\/pages\/4326","targetHints":{"allow":["GET"]}}],"collection":[{"href":"https:\/\/laesfera.com.mx\/page\/wp-json\/wp\/v2\/pages"}],"about":[{"href":"https:\/\/laesfera.com.mx\/page\/wp-json\/wp\/v2\/types\/page"}],"author":[{"embeddable":true,"href":"https:\/\/laesfera.com.mx\/page\/wp-json\/wp\/v2\/users\/1"}],"replies":[{"embeddable":true,"href":"https:\/\/laesfera.com.mx\/page\/wp-json\/wp\/v2\/comments?post=4326"}],"version-history":[{"count":14,"href":"https:\/\/laesfera.com.mx\/page\/wp-json\/wp\/v2\/pages\/4326\/revisions"}],"predecessor-version":[{"id":16559,"href":"https:\/\/laesfera.com.mx\/page\/wp-json\/wp\/v2\/pages\/4326\/revisions\/16559"}],"wp:attachment":[{"href":"https:\/\/laesfera.com.mx\/page\/wp-json\/wp\/v2\/media?parent=4326"}],"curies":[{"name":"wp","href":"https:\/\/api.w.org\/{rel}","templated":true}]}}